{"id":1409,"date":"2016-05-04T16:51:31","date_gmt":"2016-05-04T13:51:31","guid":{"rendered":"http:\/\/www.renksy.com\/mirage\/en\/?page_id=1409"},"modified":"2016-05-04T17:54:48","modified_gmt":"2016-05-04T14:54:48","slug":"fairs","status":"publish","type":"page","link":"https:\/\/www.mirage.com.tr\/en\/fairs\/","title":{"rendered":"Fairs"},"content":{"rendered":"<p>[et_pb_section admin_label=&#8221;Section&#8221; fullwidth=&#8221;off&#8221; specialty=&#8221;off&#8221; background_image=&#8221;http:\/\/www.mirage.com.tr\/wp-content\/uploads\/2016\/03\/fuarlar.jpg&#8221; transparent_background=&#8221;off&#8221; allow_player_pause=&#8221;off&#8221; inner_shadow=&#8221;off&#8221; parallax=&#8221;off&#8221; parallax_method=&#8221;off&#8221; padding_mobile=&#8221;off&#8221; make_fullwidth=&#8221;off&#8221; use_custom_width=&#8221;off&#8221; width_unit=&#8221;on&#8221; make_equal=&#8221;off&#8221; use_custom_gutter=&#8221;off&#8221; custom_css_before=&#8221;content: &#8216; &#8216;;||width: 100%;||position: absolute;||background: rgba(43, 56, 73, 0.43);||height: 125%;||top: -10%;&#8221; module_class=&#8221;pt-header&#8221; background_color=&#8221;#ffffff&#8221;][et_pb_row admin_label=&#8221;Row&#8221; global_module=&#8221;1385&#8243; make_fullwidth=&#8221;off&#8221; use_custom_width=&#8221;on&#8221; width_unit=&#8221;off&#8221; use_custom_gutter=&#8221;on&#8221; custom_padding=&#8221;0px|0px|0px|0px&#8221; padding_mobile=&#8221;on&#8221; allow_player_pause=&#8221;off&#8221; parallax=&#8221;off&#8221; parallax_method=&#8221;off&#8221; make_equal=&#8221;off&#8221; parallax_1=&#8221;off&#8221; parallax_method_1=&#8221;off&#8221; parallax_2=&#8221;off&#8221; parallax_method_2=&#8221;off&#8221; column_padding_mobile=&#8221;on&#8221; custom_width_percent=&#8221;60%&#8221; gutter_width=&#8221;1&#8243; custom_css_main_element=&#8221;width: 92%!important;&#8221; custom_css_main_2=&#8221;width: 39.333%!important;||margin: 3% -6% 0!important;||display: flex;||align-items: center;||justify-content: center;||max-height: 470px;&#8221; padding_top_2=&#8221;10em&#8221; padding_bottom_2=&#8221;13em&#8221; padding_right_2=&#8221;2em&#8221; padding_left_2=&#8221;2em&#8221; custom_css_main_1=&#8221;min-height: 420px;&#8221; background_color_2=&#8221;rgba(255,255,255,0)&#8221;][et_pb_column type=&#8221;4_4&#8243;][et_pb_text global_parent=&#8221;1385&#8243; admin_label=&#8221;Logo &amp; Tagline&#8221; background_layout=&#8221;light&#8221; text_orientation=&#8221;center&#8221; text_font=&#8221;Lato||||&#8221; text_font_size=&#8221;24&#8243; background_color=&#8221;rgba(208,226,250,0.7)&#8221; use_border_color=&#8221;off&#8221; border_color=&#8221;#ffffff&#8221; border_style=&#8221;solid&#8221; custom_padding=&#8221;6em|6em|6em|6em&#8221; module_class=&#8221;ip-header&#8221;] <a href=\"\/\"><img decoding=\"async\" loading=\"lazy\" class=\"alignnone wp-image-248\" src=\"http:\/\/www.mirage.com.tr\/wp-content\/uploads\/2016\/03\/mirage-logo-sub-2.png\" alt=\"balance-logo\" width=\"422\" height=\"61\" \/><\/a> [\/et_pb_text][et_pb_post_title global_parent=&#8221;1385&#8243; admin_label=&#8221;Page Title&#8221; title=&#8221;on&#8221; meta=&#8221;off&#8221; author=&#8221;on&#8221; date=&#8221;on&#8221; categories=&#8221;on&#8221; comments=&#8221;on&#8221; featured_image=&#8221;off&#8221; featured_placement=&#8221;below&#8221; parallax_effect=&#8221;on&#8221; parallax_method=&#8221;on&#8221; text_orientation=&#8221;center&#8221; text_color=&#8221;light&#8221; text_background=&#8221;off&#8221; text_bg_color=&#8221;rgba(255,255,255,0.9)&#8221; title_all_caps=&#8221;off&#8221; use_border_color=&#8221;off&#8221; border_color=&#8221;#ffffff&#8221; border_style=&#8221;solid&#8221; module_bg_color=&#8221;rgba(255,255,255,0)&#8221; module_class=&#8221;section-header&#8221; title_font_size=&#8221;30px&#8221; custom_css_post_title=&#8221;font-family: &#8216;Muli&#8217;, sans-serif;||font-weight: 900;||padding-bottom: 0;&#8221; title_font=&#8221;Open Sans||||&#8221; disabled=&#8221;on&#8221; disabled_on=&#8221;on|on|on&#8221;] [\/et_pb_post_title][\/et_pb_column][\/et_pb_row][\/et_pb_section][et_pb_section admin_label=&#8221;Section&#8221; global_module=&#8221;1321&#8243; fullwidth=&#8221;on&#8221; specialty=&#8221;off&#8221; transparent_background=&#8221;off&#8221; background_color=&#8221;#d0e2fa&#8221; allow_player_pause=&#8221;off&#8221; inner_shadow=&#8221;off&#8221; parallax=&#8221;off&#8221; parallax_method=&#8221;off&#8221; padding_mobile=&#8221;off&#8221; make_fullwidth=&#8221;off&#8221; use_custom_width=&#8221;off&#8221; width_unit=&#8221;on&#8221; make_equal=&#8221;off&#8221; use_custom_gutter=&#8221;off&#8221;][et_pb_fullwidth_post_title global_parent=&#8221;1321&#8243; admin_label=&#8221;Fullwidth Post Title&#8221; title=&#8221;on&#8221; meta=&#8221;off&#8221; author=&#8221;on&#8221; date=&#8221;on&#8221; categories=&#8221;on&#8221; comments=&#8221;on&#8221; featured_image=&#8221;off&#8221; featured_placement=&#8221;below&#8221; parallax_effect=&#8221;on&#8221; parallax_method=&#8221;on&#8221; text_orientation=&#8221;center&#8221; text_color=&#8221;dark&#8221; text_background=&#8221;off&#8221; text_bg_color=&#8221;rgba(255,255,255,0.9)&#8221; module_bg_color=&#8221;rgba(255,255,255,0)&#8221; title_all_caps=&#8221;off&#8221; use_border_color=&#8221;off&#8221; border_color=&#8221;#ffffff&#8221; border_style=&#8221;solid&#8221; title_font_size=&#8221;32px&#8221; title_text_color=&#8221;#1e1f79&#8243; custom_css_main_element=&#8221;padding-top: 35px !important;||padding-bottom: 35px !important;&#8221;] [\/et_pb_fullwidth_post_title][\/et_pb_section][et_pb_section admin_label=&#8221;section&#8221;][et_pb_row admin_label=&#8221;row&#8221;][et_pb_column type=&#8221;2_3&#8243;][et_pb_text admin_label=&#8221;Text&#8221; background_layout=&#8221;light&#8221; text_orientation=&#8221;left&#8221; use_border_color=&#8221;off&#8221; border_color=&#8221;#ffffff&#8221; border_style=&#8221;solid&#8221;]<\/p>\n<h1>Trade Fair Organizations<\/h1>\n<p>[\/et_pb_text][et_pb_text admin_label=&#8221;Text&#8221; background_layout=&#8221;light&#8221; text_orientation=&#8221;left&#8221; use_border_color=&#8221;off&#8221; border_color=&#8221;#ffffff&#8221; border_style=&#8221;solid&#8221; text_font=&#8221;Open Sans||||&#8221;]<\/p>\n<ul>\n<li>Accomodation during the whole fair.<\/li>\n<li>Airline tickets to anywhere in the world.<\/li>\n<li>Airport-Hotel transfers for the participants<\/li>\n<li>Special diner organizations and catering service<\/li>\n<li>Visa requirements of the participants<\/li>\n<li>Sightseeing tours and touristic tours during the fair.<\/li>\n<\/ul>\n<p>[\/et_pb_text][\/et_pb_column][et_pb_column type=&#8221;1_3&#8243;][et_pb_image admin_label=&#8221;Image&#8221; src=&#8221;http:\/\/www.mirage.com.tr\/wp-content\/uploads\/2016\/03\/fuar-03.jpg&#8221; show_in_lightbox=&#8221;off&#8221; url_new_window=&#8221;off&#8221; use_overlay=&#8221;off&#8221; animation=&#8221;off&#8221; sticky=&#8221;off&#8221; align=&#8221;left&#8221; force_fullwidth=&#8221;off&#8221; always_center_on_mobile=&#8221;on&#8221; use_border_color=&#8221;off&#8221; border_color=&#8221;#ffffff&#8221; border_style=&#8221;solid&#8221;] [\/et_pb_image][et_pb_image admin_label=&#8221;Image&#8221; src=&#8221;http:\/\/www.mirage.com.tr\/wp-content\/uploads\/2016\/03\/FUAR.jpg&#8221; show_in_lightbox=&#8221;off&#8221; url_new_window=&#8221;off&#8221; use_overlay=&#8221;off&#8221; animation=&#8221;off&#8221; sticky=&#8221;off&#8221; align=&#8221;left&#8221; force_fullwidth=&#8221;off&#8221; always_center_on_mobile=&#8221;on&#8221; use_border_color=&#8221;off&#8221; border_color=&#8221;#ffffff&#8221; border_style=&#8221;solid&#8221;] [\/et_pb_image][et_pb_image admin_label=&#8221;Image&#8221; src=&#8221;http:\/\/www.mirage.com.tr\/wp-content\/uploads\/2016\/03\/ctbpmdc87ja_fuarlar.jpg&#8221; show_in_lightbox=&#8221;off&#8221; url_new_window=&#8221;off&#8221; use_overlay=&#8221;off&#8221; animation=&#8221;off&#8221; sticky=&#8221;off&#8221; align=&#8221;left&#8221; force_fullwidth=&#8221;off&#8221; always_center_on_mobile=&#8221;on&#8221; use_border_color=&#8221;off&#8221; border_color=&#8221;#ffffff&#8221; border_style=&#8221;solid&#8221;] [\/et_pb_image][et_pb_image admin_label=&#8221;Image&#8221; src=&#8221;http:\/\/www.mirage.com.tr\/wp-content\/uploads\/2016\/03\/londra_fuar_2009_11b.jpg&#8221; show_in_lightbox=&#8221;off&#8221; url_new_window=&#8221;off&#8221; use_overlay=&#8221;off&#8221; animation=&#8221;off&#8221; sticky=&#8221;off&#8221; align=&#8221;left&#8221; force_fullwidth=&#8221;off&#8221; always_center_on_mobile=&#8221;on&#8221; use_border_color=&#8221;off&#8221; border_color=&#8221;#ffffff&#8221; border_style=&#8221;solid&#8221; disabled=&#8221;on&#8221; disabled_on=&#8221;on|on|on&#8221;] [\/et_pb_image][et_pb_image admin_label=&#8221;Image&#8221; src=&#8221;http:\/\/www.mirage.com.tr\/wp-content\/uploads\/2016\/03\/stand6.jpg&#8221; show_in_lightbox=&#8221;off&#8221; url_new_window=&#8221;off&#8221; use_overlay=&#8221;off&#8221; animation=&#8221;off&#8221; sticky=&#8221;off&#8221; align=&#8221;left&#8221; force_fullwidth=&#8221;off&#8221; always_center_on_mobile=&#8221;on&#8221; use_border_color=&#8221;off&#8221; border_color=&#8221;#ffffff&#8221; border_style=&#8221;solid&#8221; disabled=&#8221;on&#8221; disabled_on=&#8221;on|on|on&#8221;] [\/et_pb_image][et_pb_image admin_label=&#8221;Image&#8221; src=&#8221;http:\/\/www.mirage.com.tr\/wp-content\/uploads\/2016\/03\/fuar-nakliyat\u0131.jpg&#8221; show_in_lightbox=&#8221;off&#8221; url_new_window=&#8221;off&#8221; use_overlay=&#8221;off&#8221; animation=&#8221;off&#8221; sticky=&#8221;off&#8221; align=&#8221;left&#8221; force_fullwidth=&#8221;off&#8221; always_center_on_mobile=&#8221;on&#8221; use_border_color=&#8221;off&#8221; border_color=&#8221;#ffffff&#8221; border_style=&#8221;solid&#8221; disabled=&#8221;on&#8221; disabled_on=&#8221;on|on|on&#8221;] [\/et_pb_image][et_pb_image admin_label=&#8221;Image&#8221; src=&#8221;http:\/\/www.mirage.com.tr\/wp-content\/uploads\/2016\/03\/mermer-fuari-fuar-izmir.jpg&#8221; show_in_lightbox=&#8221;off&#8221; url_new_window=&#8221;off&#8221; use_overlay=&#8221;off&#8221; animation=&#8221;off&#8221; sticky=&#8221;off&#8221; align=&#8221;left&#8221; force_fullwidth=&#8221;off&#8221; always_center_on_mobile=&#8221;on&#8221; use_border_color=&#8221;off&#8221; border_color=&#8221;#ffffff&#8221; border_style=&#8221;solid&#8221; disabled=&#8221;on&#8221; disabled_on=&#8221;on|on|on&#8221;] [\/et_pb_image][\/et_pb_column][\/et_pb_row][\/et_pb_section][et_pb_section admin_label=&#8221;Section&#8221; fullwidth=&#8221;off&#8221; specialty=&#8221;off&#8221; transparent_background=&#8221;on&#8221; allow_player_pause=&#8221;off&#8221; inner_shadow=&#8221;off&#8221; parallax=&#8221;off&#8221; parallax_method=&#8221;off&#8221; padding_mobile=&#8221;off&#8221; make_fullwidth=&#8221;off&#8221; use_custom_width=&#8221;off&#8221; width_unit=&#8221;on&#8221; make_equal=&#8221;off&#8221; use_custom_gutter=&#8221;off&#8221;][et_pb_row admin_label=&#8221;Row&#8221;][et_pb_column type=&#8221;4_4&#8243;][\/et_pb_column][\/et_pb_row][\/et_pb_section][et_pb_section admin_label=&#8221;Section&#8221; global_module=&#8221;550&#8243; fullwidth=&#8221;off&#8221; specialty=&#8221;off&#8221; background_image=&#8221;http:\/\/www.mirage.com.tr\/wp-content\/uploads\/2016\/03\/mirage-bg3.png&#8221; transparent_background=&#8221;off&#8221; allow_player_pause=&#8221;off&#8221; inner_shadow=&#8221;off&#8221; parallax=&#8221;off&#8221; parallax_method=&#8221;off&#8221; padding_mobile=&#8221;off&#8221; make_fullwidth=&#8221;off&#8221; use_custom_width=&#8221;off&#8221; width_unit=&#8221;on&#8221; make_equal=&#8221;off&#8221; use_custom_gutter=&#8221;off&#8221; custom_css_main_element=&#8221;background-size: contain;&#8221; background_color=&#8221;#ff0000&#8243; disabled=&#8221;off&#8221; disabled_on=&#8221;off|off|off&#8221;][et_pb_row global_parent=&#8221;550&#8243; admin_label=&#8221;Row&#8221; make_fullwidth=&#8221;off&#8221; use_custom_width=&#8221;off&#8221; width_unit=&#8221;on&#8221; use_custom_gutter=&#8221;off&#8221; padding_mobile=&#8221;off&#8221; allow_player_pause=&#8221;off&#8221; parallax=&#8221;off&#8221; parallax_method=&#8221;off&#8221; make_equal=&#8221;off&#8221; parallax_1=&#8221;off&#8221; parallax_method_1=&#8221;off&#8221; column_padding_mobile=&#8221;on&#8221;][\/et_pb_row][\/et_pb_section]<\/p>\n","protected":false},"excerpt":{"rendered":"<p>Trade Fair Organizations Accomodation during the whole fair. Airline tickets to anywhere in the world. Airport-Hotel transfers for the participants [&hellip;]<\/p>\n","protected":false},"author":3,"featured_media":0,"parent":0,"menu_order":23,"comment_status":"closed","ping_status":"closed","template":"","meta":{"_et_pb_use_builder":"on","_et_pb_old_content":"[et_pb_section admin_label=\"Section\" fullwidth=\"off\" specialty=\"off\" background_image=\"http:\/\/www.mirage.com.tr\/wp-content\/uploads\/2016\/03\/fuarlar.jpg\" transparent_background=\"off\" allow_player_pause=\"off\" inner_shadow=\"off\" parallax=\"off\" parallax_method=\"off\" padding_mobile=\"off\" make_fullwidth=\"off\" use_custom_width=\"off\" width_unit=\"on\" make_equal=\"off\" use_custom_gutter=\"off\" custom_css_before=\"content: ' ';||width: 100%;||position: absolute;||background: rgba(43, 56, 73, 0.43);||height: 125%;||top: -10%;\" module_class=\"pt-header\" background_color=\"#ffffff\"][et_pb_row admin_label=\"Row\" global_module=\"1385\" make_fullwidth=\"off\" use_custom_width=\"on\" width_unit=\"off\" use_custom_gutter=\"on\" custom_padding=\"0px|0px|0px|0px\" padding_mobile=\"on\" allow_player_pause=\"off\" parallax=\"off\" parallax_method=\"off\" make_equal=\"off\" parallax_1=\"off\" parallax_method_1=\"off\" parallax_2=\"off\" parallax_method_2=\"off\" column_padding_mobile=\"on\" custom_width_percent=\"60%\" gutter_width=\"1\" custom_css_main_element=\"width: 92%!important;\" custom_css_main_2=\"width: 39.333%!important;||margin: 3% -6% 0!important;||display: flex;||align-items: center;||justify-content: center;||max-height: 470px;\" padding_top_2=\"10em\" padding_bottom_2=\"13em\" padding_right_2=\"2em\" padding_left_2=\"2em\" custom_css_main_1=\"min-height: 420px;\" background_color_2=\"rgba(255,255,255,0)\"][et_pb_column type=\"4_4\"][et_pb_text global_parent=\"1385\" admin_label=\"Logo & Tagline\" background_layout=\"light\" text_orientation=\"center\" text_font=\"Lato||||\" text_font_size=\"24\" background_color=\"rgba(208,226,250,0.7)\" use_border_color=\"off\" border_color=\"#ffffff\" border_style=\"solid\" custom_padding=\"6em|6em|6em|6em\" module_class=\"ip-header\"]\r\n\r\n<a href=\"\/\"><img class=\"alignnone wp-image-248\" src=\"http:\/\/www.mirage.com.tr\/wp-content\/uploads\/2016\/03\/mirage-logo-sub-2.png\" alt=\"balance-logo\" width=\"422\" height=\"61\"><\/a>\r\n\r\n[\/et_pb_text][et_pb_post_title global_parent=\"1385\" admin_label=\"Page Title\" title=\"on\" meta=\"off\" author=\"on\" date=\"on\" categories=\"on\" comments=\"on\" featured_image=\"off\" featured_placement=\"below\" parallax_effect=\"on\" parallax_method=\"on\" text_orientation=\"center\" text_color=\"light\" text_background=\"off\" text_bg_color=\"rgba(255,255,255,0.9)\" title_all_caps=\"off\" use_border_color=\"off\" border_color=\"#ffffff\" border_style=\"solid\" module_bg_color=\"rgba(255,255,255,0)\" module_class=\"section-header\" title_font_size=\"30px\" custom_css_post_title=\"font-family: 'Muli', sans-serif;||font-weight: 900;||padding-bottom: 0;\" title_font=\"Open Sans||||\" disabled=\"on\" disabled_on=\"on|on|on\"]\r\n\r\n\r\n\r\n[\/et_pb_post_title][\/et_pb_column][\/et_pb_row][\/et_pb_section][et_pb_section admin_label=\"Section\" global_module=\"1321\" fullwidth=\"on\" specialty=\"off\" transparent_background=\"off\" background_color=\"#d0e2fa\" allow_player_pause=\"off\" inner_shadow=\"off\" parallax=\"off\" parallax_method=\"off\" padding_mobile=\"off\" make_fullwidth=\"off\" use_custom_width=\"off\" width_unit=\"on\" make_equal=\"off\" use_custom_gutter=\"off\"][et_pb_fullwidth_post_title global_parent=\"1321\" admin_label=\"Fullwidth Post Title\" title=\"on\" meta=\"off\" author=\"on\" date=\"on\" categories=\"on\" comments=\"on\" featured_image=\"off\" featured_placement=\"below\" parallax_effect=\"on\" parallax_method=\"on\" text_orientation=\"center\" text_color=\"dark\" text_background=\"off\" text_bg_color=\"rgba(255,255,255,0.9)\" module_bg_color=\"rgba(255,255,255,0)\" title_all_caps=\"off\" use_border_color=\"off\" border_color=\"#ffffff\" border_style=\"solid\" title_font_size=\"32px\" title_text_color=\"#1e1f79\" custom_css_main_element=\"padding-top: 35px !important;||padding-bottom: 35px !important;\"]\r\n\r\n\r\n\r\n[\/et_pb_fullwidth_post_title][\/et_pb_section][et_pb_section admin_label=\"section\"][et_pb_row admin_label=\"row\"][et_pb_column type=\"2_3\"][et_pb_text admin_label=\"Text\" background_layout=\"light\" text_orientation=\"left\" use_border_color=\"off\" border_color=\"#ffffff\" border_style=\"solid\"]\r\n\r\n<h1>D\u00fcnya Fuarlar\u0131na Kat\u0131lacak \u0130\u015fadamlar\u0131 \u0130\u00e7in\r\nEksiksiz Turlar<\/h1>\r\n\r\n[\/et_pb_text][et_pb_text admin_label=\"Text\" background_layout=\"light\" text_orientation=\"left\" use_border_color=\"off\" border_color=\"#ffffff\" border_style=\"solid\" text_font=\"Open Sans||||\"]\r\n\r\nYurtd\u0131\u015f\u0131 fuarlar\u0131, AB s\u00fcrecindeki T\u00fcrkiye\u2019de varolan sekt\u00f6rlerin geli\u015fimi i\u00e7in ka\u00e7\u0131n\u0131lmaz bir f\u0131rsatt\u0131r. Her y\u0131l uluslararas\u0131 platformda d\u00fczenlenen y\u00fczlerce fuar, d\u00fcnyan\u0131n \u00e7e\u015fitli \u00fclkelerinden gelen \u00e7ok say\u0131da firma ve i\u015f adam\u0131n\u0131n bulu\u015fma noktas\u0131d\u0131r.\r\n\r\n\u0130thalat-ihracat, teknolojik geli\u015fmeler, yeni pazar aray\u0131\u015flar\u0131, yat\u0131r\u0131mc\u0131lar ve i\u015f ortakl\u0131klar\u0131 a\u00e7\u0131s\u0131ndan b\u00fcy\u00fck \u00f6nem ta\u015f\u0131yan fuarlar , son y\u0131llarda T\u00fcrk i\u015fadamlar\u0131n\u0131n da yo\u011fun ilgisiyle kar\u015f\u0131 kar\u015f\u0131yad\u0131r.\r\n\r\nBu nedenle, varolan seyahat acentalar\u0131 ya da organizasyon firmalar\u0131n\u0131n \u2018fuarc\u0131l\u0131k\u2019 konusunuayr\u0131 bir departman olarak ele almamalar\u0131 bu alanda ciddi \u00e7al\u0131\u015fmalar\u0131n yap\u0131lamamas\u0131na neden olmu\u015ftur.\r\n\r\nMiragefuar departman\u0131 olarak;d\u00fcnya fuarlar\u0131na kat\u0131lacak i\u015fadamlar\u0131 i\u00e7in \u00f6zel olarak haz\u0131rlayaca\u011f\u0131m\u0131z fuar turlar\u0131m\u0131zda eksiksiz hizmet sunmay\u0131 hedefliyoruz.\r\n\r\n[\/et_pb_text][et_pb_text admin_label=\"Text\" background_layout=\"light\" text_orientation=\"left\" use_border_color=\"off\" border_color=\"#ffffff\" border_style=\"solid\"]\r\n\r\n<h1>Fuar \u00d6ncesi Hizmetler<\/h1>\r\n\r\n[\/et_pb_text][et_pb_text admin_label=\"Text\" background_layout=\"light\" text_orientation=\"left\" use_border_color=\"off\" border_color=\"#ffffff\" border_style=\"solid\" text_font=\"Open Sans||||\"]\r\n\r\nMirage , fuar \u00f6ncesi hizmetler kapsam\u0131nda her y\u0131l; uluslararas\u0131 fuarlar\u0131n tarih ve sekt\u00f6rel da\u011f\u0131l\u0131mlar\u0131n\u0131 ayr\u0131ca uluslararas\u0131 d\u00fczeydeki b\u00fcy\u00fckl\u00fc\u011f\u00fcn\u00fcve \u00f6nemini g\u00f6steren \u2018d\u00fcnya fuarlar\u0131 listesi\u2019 haz\u0131rlamaktad\u0131r.\r\n\r\nMirage , fuar turlar\u0131na kat\u0131lmak isteyen kurum, kurulu\u015f ve m\u00fcnferit olarak i\u015ftirak edeceklerin talepleri do\u011frultusunda fuarlar\u0131n i\u00e7eri\u011fine ili\u015fkin birebir \u2018B\u0130LG\u0130LEND\u0130RME G\u00d6R\u00dc\u015eMELER\u0130\u2019 d\u00fczenlemektedir.\r\n\r\nMirage , fuara kat\u0131lmak isteyenlere y\u00f6nelik \u00f6zel fuar turlar\u0131 organize ederek, gruplara \u00f6zel tur fiyatlar\u0131 belirleyecektir. Ayr\u0131ca fuarlara m\u00fcnferit olarak kat\u0131lmak isteyenler i\u00e7in de  u\u00e7ak, otel rezervasyonlar\u0131, vize i\u015flemleri  ve rehberlik hizmeti sa\u011flanmaktad\u0131r.\r\n\r\n[\/et_pb_text][et_pb_text admin_label=\"Text\" background_layout=\"light\" text_orientation=\"left\" use_border_color=\"off\" border_color=\"#ffffff\" border_style=\"solid\"]\r\n\r\n<h1>Fuar S\u00fcresince Verilecek Hizmetler<\/h1>\r\n\r\n[\/et_pb_text][et_pb_text admin_label=\"Text\" background_layout=\"light\" text_orientation=\"left\" use_border_color=\"off\" border_color=\"#ffffff\" border_style=\"solid\" text_font=\"Open Sans||||\"]\r\n\r\nMirage, kat\u0131l\u0131mc\u0131lar\u0131n fuar yerine gidi\u015f-d\u00f6n\u00fc\u015f u\u00e7ak biletlerini temin etmekte; ayr\u0131ca kat\u0131l\u0131mc\u0131lar\u0131n talepleri do\u011frultusunda fuar\u0131n yap\u0131ld\u0131\u011f\u0131 yerdeki her t\u00fcrl\u00fc ula\u015f\u0131m ve transfer organizasyonunu  yapmaktad\u0131r.\r\n\r\nMirage, fuar\u0131n yap\u0131ld\u0131\u011f\u0131 b\u00f6lgeye yak\u0131n, her t\u00fcrl\u00fc konaklama imkan\u0131n\u0131 alternatifleriyle kat\u0131l\u0131mc\u0131lar\u0131n isteklerine g\u00f6re belirleyecektir. Otelrezervasyonlar\u0131, gidi\u015f tarihinden en az 1 ay \u00f6nce yap\u0131lmaktad\u0131r. \r\n\r\nMirage, kat\u0131l\u0131mc\u0131lar\u0131n fuarda kalacaklar\u0131 s\u00fcre boyunca, fuar\u0131n yap\u0131ld\u0131\u011f\u0131 b\u00f6lgeyi tan\u0131yan rehberler g\u00f6revlendirecektir. Kat\u0131l\u0131mc\u0131n\u0131n talebi do\u011frultusunda rehberle birlikte olas\u0131 i\u015f g\u00f6r\u00fc\u015fmeleri i\u00e7in konusunda uzman bir  terc\u00fcman sa\u011flanmaktad\u0131r. \r\n\r\nKat\u0131l\u0131mc\u0131lar\u0131n fuar d\u0131\u015f\u0131nda kalan zamanlar\u0131n\u0131 de\u011ferlendirmeleri i\u00e7in, gidilecek yerin \u00f6zelliklerine g\u00f6re \u00f6nceden belirlenen alternatif gezi programlar\u0131 (k\u00fclt\u00fcr gezileri, al\u0131\u015fveri\u015f merkezleri, \u00f6zel ak\u015fam yemekleri, panaromik \u015fehir turlar\u0131, e\u011flenceler) haz\u0131rlanmaktad\u0131r.\r\n\r\n[\/et_pb_text][\/et_pb_column][et_pb_column type=\"1_3\"][et_pb_image admin_label=\"Image\" src=\"http:\/\/www.mirage.com.tr\/wp-content\/uploads\/2016\/03\/fuar-03.jpg\" show_in_lightbox=\"off\" url_new_window=\"off\" use_overlay=\"off\" animation=\"off\" sticky=\"off\" align=\"left\" force_fullwidth=\"off\" always_center_on_mobile=\"on\" use_border_color=\"off\" border_color=\"#ffffff\" border_style=\"solid\"]\r\n\r\n\r\n\r\n[\/et_pb_image][et_pb_image admin_label=\"Image\" src=\"http:\/\/www.mirage.com.tr\/wp-content\/uploads\/2016\/03\/FUAR.jpg\" show_in_lightbox=\"off\" url_new_window=\"off\" use_overlay=\"off\" animation=\"off\" sticky=\"off\" align=\"left\" force_fullwidth=\"off\" always_center_on_mobile=\"on\" use_border_color=\"off\" border_color=\"#ffffff\" border_style=\"solid\"]\r\n\r\n\r\n\r\n[\/et_pb_image][et_pb_image admin_label=\"Image\" src=\"http:\/\/www.mirage.com.tr\/wp-content\/uploads\/2016\/03\/ctbpmdc87ja_fuarlar.jpg\" show_in_lightbox=\"off\" url_new_window=\"off\" use_overlay=\"off\" animation=\"off\" sticky=\"off\" align=\"left\" force_fullwidth=\"off\" always_center_on_mobile=\"on\" use_border_color=\"off\" border_color=\"#ffffff\" border_style=\"solid\"]\r\n\r\n\r\n\r\n[\/et_pb_image][et_pb_image admin_label=\"Image\" src=\"http:\/\/www.mirage.com.tr\/wp-content\/uploads\/2016\/03\/londra_fuar_2009_11b.jpg\" show_in_lightbox=\"off\" url_new_window=\"off\" use_overlay=\"off\" animation=\"off\" sticky=\"off\" align=\"left\" force_fullwidth=\"off\" always_center_on_mobile=\"on\" use_border_color=\"off\" border_color=\"#ffffff\" border_style=\"solid\"]\r\n\r\n\r\n\r\n[\/et_pb_image][et_pb_image admin_label=\"Image\" src=\"http:\/\/www.mirage.com.tr\/wp-content\/uploads\/2016\/03\/stand6.jpg\" show_in_lightbox=\"off\" url_new_window=\"off\" use_overlay=\"off\" animation=\"off\" sticky=\"off\" align=\"left\" force_fullwidth=\"off\" always_center_on_mobile=\"on\" use_border_color=\"off\" border_color=\"#ffffff\" border_style=\"solid\"]\r\n\r\n\r\n\r\n[\/et_pb_image][et_pb_image admin_label=\"Image\" src=\"http:\/\/www.mirage.com.tr\/wp-content\/uploads\/2016\/03\/fuar-nakliyat\u0131.jpg\" show_in_lightbox=\"off\" url_new_window=\"off\" use_overlay=\"off\" animation=\"off\" sticky=\"off\" align=\"left\" force_fullwidth=\"off\" always_center_on_mobile=\"on\" use_border_color=\"off\" border_color=\"#ffffff\" border_style=\"solid\"]\r\n\r\n\r\n\r\n[\/et_pb_image][et_pb_image admin_label=\"Image\" src=\"http:\/\/www.mirage.com.tr\/wp-content\/uploads\/2016\/03\/mermer-fuari-fuar-izmir.jpg\" show_in_lightbox=\"off\" url_new_window=\"off\" use_overlay=\"off\" animation=\"off\" sticky=\"off\" align=\"left\" force_fullwidth=\"off\" always_center_on_mobile=\"on\" use_border_color=\"off\" border_color=\"#ffffff\" border_style=\"solid\"]\r\n\r\n\r\n\r\n[\/et_pb_image][\/et_pb_column][\/et_pb_row][\/et_pb_section][et_pb_section admin_label=\"Section\" fullwidth=\"off\" specialty=\"off\" transparent_background=\"on\" allow_player_pause=\"off\" inner_shadow=\"off\" parallax=\"off\" parallax_method=\"off\" padding_mobile=\"off\" make_fullwidth=\"off\" use_custom_width=\"off\" width_unit=\"on\" make_equal=\"off\" use_custom_gutter=\"off\"][et_pb_row admin_label=\"Row\"][et_pb_column type=\"4_4\"][\/et_pb_column][\/et_pb_row][\/et_pb_section][et_pb_section admin_label=\"Section\" global_module=\"550\" fullwidth=\"off\" specialty=\"off\" background_image=\"http:\/\/www.mirage.com.tr\/wp-content\/uploads\/2016\/03\/mirage-bg3.png\" transparent_background=\"off\" allow_player_pause=\"off\" inner_shadow=\"off\" parallax=\"off\" parallax_method=\"off\" padding_mobile=\"off\" make_fullwidth=\"off\" use_custom_width=\"off\" width_unit=\"on\" make_equal=\"off\" use_custom_gutter=\"off\" custom_css_main_element=\"background-size: contain;\" background_color=\"#ff0000\" disabled=\"off\" disabled_on=\"off|off|off\"][et_pb_row global_parent=\"550\" admin_label=\"Row\" make_fullwidth=\"off\" use_custom_width=\"off\" width_unit=\"on\" use_custom_gutter=\"off\" padding_mobile=\"off\" allow_player_pause=\"off\" parallax=\"off\" parallax_method=\"off\" make_equal=\"off\" parallax_1=\"off\" parallax_method_1=\"off\" column_padding_mobile=\"on\"][\/et_pb_row][\/et_pb_section]","_et_gb_content_width":""},"aioseo_notices":[],"_links":{"self":[{"href":"https:\/\/www.mirage.com.tr\/en\/wp-json\/wp\/v2\/pages\/1409"}],"collection":[{"href":"https:\/\/www.mirage.com.tr\/en\/wp-json\/wp\/v2\/pages"}],"about":[{"href":"https:\/\/www.mirage.com.tr\/en\/wp-json\/wp\/v2\/types\/page"}],"author":[{"embeddable":true,"href":"https:\/\/www.mirage.com.tr\/en\/wp-json\/wp\/v2\/users\/3"}],"replies":[{"embeddable":true,"href":"https:\/\/www.mirage.com.tr\/en\/wp-json\/wp\/v2\/comments?post=1409"}],"version-history":[{"count":7,"href":"https:\/\/www.mirage.com.tr\/en\/wp-json\/wp\/v2\/pages\/1409\/revisions"}],"predecessor-version":[{"id":1494,"href":"https:\/\/www.mirage.com.tr\/en\/wp-json\/wp\/v2\/pages\/1409\/revisions\/1494"}],"wp:attachment":[{"href":"https:\/\/www.mirage.com.tr\/en\/wp-json\/wp\/v2\/media?parent=1409"}],"curies":[{"name":"wp","href":"https:\/\/api.w.org\/{rel}","templated":true}]}}