{"id":1405,"date":"2016-05-04T16:50:03","date_gmt":"2016-05-04T13:50:03","guid":{"rendered":"http:\/\/www.renksy.com\/mirage\/en\/?page_id=1405"},"modified":"2016-05-04T17:11:57","modified_gmt":"2016-05-04T14:11:57","slug":"about-us","status":"publish","type":"page","link":"https:\/\/www.mirage.com.tr\/en\/about-us\/","title":{"rendered":"About Us"},"content":{"rendered":"<p>[et_pb_section admin_label=&#8221;Section&#8221; fullwidth=&#8221;off&#8221; specialty=&#8221;off&#8221; background_image=&#8221;http:\/\/www.mirage.com.tr\/wp-content\/uploads\/2016\/03\/taniyin.jpg&#8221; transparent_background=&#8221;off&#8221; allow_player_pause=&#8221;off&#8221; inner_shadow=&#8221;off&#8221; parallax=&#8221;off&#8221; parallax_method=&#8221;off&#8221; padding_mobile=&#8221;off&#8221; make_fullwidth=&#8221;off&#8221; use_custom_width=&#8221;off&#8221; width_unit=&#8221;on&#8221; make_equal=&#8221;off&#8221; use_custom_gutter=&#8221;off&#8221; custom_css_before=&#8221;content: &#8216; &#8216;;||width: 100%;||position: absolute;||background: rgba(43, 56, 73, 0.43);||height: 125%;||top: -10%;&#8221; module_class=&#8221;pt-header&#8221; background_color=&#8221;#ffffff&#8221;][et_pb_row admin_label=&#8221;Row&#8221; global_module=&#8221;1385&#8243; make_fullwidth=&#8221;off&#8221; use_custom_width=&#8221;on&#8221; width_unit=&#8221;off&#8221; use_custom_gutter=&#8221;on&#8221; custom_padding=&#8221;0px|0px|0px|0px&#8221; padding_mobile=&#8221;on&#8221; allow_player_pause=&#8221;off&#8221; parallax=&#8221;off&#8221; parallax_method=&#8221;off&#8221; make_equal=&#8221;off&#8221; parallax_1=&#8221;off&#8221; parallax_method_1=&#8221;off&#8221; parallax_2=&#8221;off&#8221; parallax_method_2=&#8221;off&#8221; column_padding_mobile=&#8221;on&#8221; custom_width_percent=&#8221;60%&#8221; gutter_width=&#8221;1&#8243; custom_css_main_element=&#8221;width: 92%!important;&#8221; custom_css_main_2=&#8221;width: 39.333%!important;||margin: 3% -6% 0!important;||display: flex;||align-items: center;||justify-content: center;||max-height: 470px;&#8221; padding_top_2=&#8221;10em&#8221; padding_bottom_2=&#8221;13em&#8221; padding_right_2=&#8221;2em&#8221; padding_left_2=&#8221;2em&#8221; custom_css_main_1=&#8221;min-height: 420px;&#8221; background_color_2=&#8221;rgba(255,255,255,0)&#8221;][et_pb_column type=&#8221;4_4&#8243;][et_pb_text global_parent=&#8221;1385&#8243; admin_label=&#8221;Logo &amp; Tagline&#8221; background_layout=&#8221;light&#8221; text_orientation=&#8221;center&#8221; text_font=&#8221;Lato||||&#8221; text_font_size=&#8221;24&#8243; background_color=&#8221;rgba(208,226,250,0.7)&#8221; use_border_color=&#8221;off&#8221; border_color=&#8221;#ffffff&#8221; border_style=&#8221;solid&#8221; custom_padding=&#8221;6em|6em|6em|6em&#8221; module_class=&#8221;ip-header&#8221;] <a href=\"\/\"><img decoding=\"async\" loading=\"lazy\" class=\"alignnone wp-image-248\" src=\"http:\/\/www.mirage.com.tr\/wp-content\/uploads\/2016\/03\/mirage-logo-sub-2.png\" alt=\"balance-logo\" width=\"422\" height=\"61\" \/><\/a> [\/et_pb_text][et_pb_post_title global_parent=&#8221;1385&#8243; admin_label=&#8221;Page Title&#8221; title=&#8221;on&#8221; meta=&#8221;off&#8221; author=&#8221;on&#8221; date=&#8221;on&#8221; categories=&#8221;on&#8221; comments=&#8221;on&#8221; featured_image=&#8221;off&#8221; featured_placement=&#8221;below&#8221; parallax_effect=&#8221;on&#8221; parallax_method=&#8221;on&#8221; text_orientation=&#8221;center&#8221; text_color=&#8221;light&#8221; text_background=&#8221;off&#8221; text_bg_color=&#8221;rgba(255,255,255,0.9)&#8221; title_all_caps=&#8221;off&#8221; use_border_color=&#8221;off&#8221; border_color=&#8221;#ffffff&#8221; border_style=&#8221;solid&#8221; module_bg_color=&#8221;rgba(255,255,255,0)&#8221; module_class=&#8221;section-header&#8221; title_font_size=&#8221;30px&#8221; custom_css_post_title=&#8221;font-family: &#8216;Muli&#8217;, sans-serif;||font-weight: 900;||padding-bottom: 0;&#8221; title_font=&#8221;Open Sans||||&#8221; disabled=&#8221;on&#8221; disabled_on=&#8221;on|on|on&#8221;] [\/et_pb_post_title][\/et_pb_column][\/et_pb_row][\/et_pb_section][et_pb_section admin_label=&#8221;Section&#8221; global_module=&#8221;1321&#8243; fullwidth=&#8221;on&#8221; specialty=&#8221;off&#8221; transparent_background=&#8221;off&#8221; background_color=&#8221;#d0e2fa&#8221; allow_player_pause=&#8221;off&#8221; inner_shadow=&#8221;off&#8221; parallax=&#8221;off&#8221; parallax_method=&#8221;off&#8221; padding_mobile=&#8221;off&#8221; make_fullwidth=&#8221;off&#8221; use_custom_width=&#8221;off&#8221; width_unit=&#8221;on&#8221; make_equal=&#8221;off&#8221; use_custom_gutter=&#8221;off&#8221;][et_pb_fullwidth_post_title global_parent=&#8221;1321&#8243; admin_label=&#8221;Fullwidth Post Title&#8221; title=&#8221;on&#8221; meta=&#8221;off&#8221; author=&#8221;on&#8221; date=&#8221;on&#8221; categories=&#8221;on&#8221; comments=&#8221;on&#8221; featured_image=&#8221;off&#8221; featured_placement=&#8221;below&#8221; parallax_effect=&#8221;on&#8221; parallax_method=&#8221;on&#8221; text_orientation=&#8221;center&#8221; text_color=&#8221;dark&#8221; text_background=&#8221;off&#8221; text_bg_color=&#8221;rgba(255,255,255,0.9)&#8221; module_bg_color=&#8221;rgba(255,255,255,0)&#8221; title_all_caps=&#8221;off&#8221; use_border_color=&#8221;off&#8221; border_color=&#8221;#ffffff&#8221; border_style=&#8221;solid&#8221; title_font_size=&#8221;32px&#8221; title_text_color=&#8221;#1e1f79&#8243; custom_css_main_element=&#8221;padding-top: 35px !important;||padding-bottom: 35px !important;&#8221;] [\/et_pb_fullwidth_post_title][\/et_pb_section][et_pb_section admin_label=&#8221;Section&#8221; fullwidth=&#8221;off&#8221; specialty=&#8221;off&#8221;][et_pb_row admin_label=&#8221;Row&#8221;][et_pb_column type=&#8221;3_4&#8243;][et_pb_text admin_label=&#8221;Text&#8221; background_layout=&#8221;light&#8221; text_orientation=&#8221;left&#8221; use_border_color=&#8221;off&#8221; border_color=&#8221;#ffffff&#8221; border_style=&#8221;solid&#8221;]<\/p>\n<h4>With years of experience in a global world for the new era 21st century.<\/h4>\n<p>Mirage Travel Agency, would like to participate \u201cTurkey\u2019s Recognition and Development\u201d movement with \u201cCustomer Satisfaction\u201d principle.<\/p>\n<p>Mirage Travel Agency\u2019s primary perception is to;<\/p>\n<ul>\n<li>Relying in human work<\/li>\n<li>Beleiving in highest quality<\/li>\n<li>Having the biggest importance to development.<\/li>\n<\/ul>\n<p>Mirage Travel Agency is involved in following sectoral areas:<\/p>\n<ul>\n<li>Congress, Seminar<\/li>\n<li>Openings, PR Activities<\/li>\n<li>Partner Meetings and motivation trips<\/li>\n<li>Tours<\/li>\n<li>Incoming Incentive<\/li>\n<li>Ticketing<\/li>\n<li>Car Rentals<\/li>\n<li>Fleet Rentals<\/li>\n<\/ul>\n<h4>Company has developed a value add for a highly accleredated volume of workforce in tourism sector.<\/h4>\n<p>Mirage Travel Agency aimed to be a healty corporate identity and modern production body without loosing its dynamics.<\/p>\n<p>[\/et_pb_text][\/et_pb_column][et_pb_column type=&#8221;1_4&#8243;][et_pb_image admin_label=&#8221;Image&#8221; src=&#8221;http:\/\/www.mirage.com.tr\/wp-content\/uploads\/2016\/03\/yurtici_2.png&#8221; show_in_lightbox=&#8221;off&#8221; url_new_window=&#8221;off&#8221; use_overlay=&#8221;off&#8221; animation=&#8221;off&#8221; sticky=&#8221;off&#8221; align=&#8221;left&#8221; force_fullwidth=&#8221;off&#8221; always_center_on_mobile=&#8221;on&#8221; use_border_color=&#8221;off&#8221; border_color=&#8221;#ffffff&#8221; border_style=&#8221;solid&#8221;]<br \/>\n[\/et_pb_image][et_pb_image admin_label=&#8221;Image&#8221; src=&#8221;http:\/\/www.mirage.com.tr\/wp-content\/uploads\/2016\/03\/cruise_2.jpg&#8221; show_in_lightbox=&#8221;off&#8221; url_new_window=&#8221;off&#8221; use_overlay=&#8221;off&#8221; animation=&#8221;off&#8221; sticky=&#8221;off&#8221; align=&#8221;left&#8221; force_fullwidth=&#8221;off&#8221; always_center_on_mobile=&#8221;on&#8221; use_border_color=&#8221;off&#8221; border_color=&#8221;#ffffff&#8221; border_style=&#8221;solid&#8221;]<br \/>\n[\/et_pb_image][et_pb_image admin_label=&#8221;Image&#8221; src=&#8221;http:\/\/www.mirage.com.tr\/wp-content\/uploads\/2016\/03\/ctbpmdc87ja_fuarlar.jpg&#8221; show_in_lightbox=&#8221;off&#8221; url_new_window=&#8221;off&#8221; use_overlay=&#8221;off&#8221; animation=&#8221;off&#8221; sticky=&#8221;off&#8221; align=&#8221;left&#8221; force_fullwidth=&#8221;off&#8221; always_center_on_mobile=&#8221;on&#8221; use_border_color=&#8221;off&#8221; border_color=&#8221;#ffffff&#8221; border_style=&#8221;solid&#8221;]<br \/>\n[\/et_pb_image][\/et_pb_column][\/et_pb_row][\/et_pb_section][et_pb_section admin_label=&#8221;Section&#8221; fullwidth=&#8221;off&#8221; specialty=&#8221;off&#8221; transparent_background=&#8221;on&#8221; allow_player_pause=&#8221;off&#8221; inner_shadow=&#8221;off&#8221; parallax=&#8221;off&#8221; parallax_method=&#8221;off&#8221; padding_mobile=&#8221;off&#8221; make_fullwidth=&#8221;off&#8221; use_custom_width=&#8221;off&#8221; width_unit=&#8221;on&#8221; make_equal=&#8221;off&#8221; use_custom_gutter=&#8221;off&#8221;][et_pb_row admin_label=&#8221;Row&#8221;][et_pb_column type=&#8221;4_4&#8243;][\/et_pb_column][\/et_pb_row][\/et_pb_section][et_pb_section admin_label=&#8221;Section&#8221; global_module=&#8221;550&#8243; fullwidth=&#8221;off&#8221; specialty=&#8221;off&#8221; background_image=&#8221;http:\/\/www.mirage.com.tr\/wp-content\/uploads\/2016\/03\/mirage-bg3.png&#8221; transparent_background=&#8221;off&#8221; allow_player_pause=&#8221;off&#8221; inner_shadow=&#8221;off&#8221; parallax=&#8221;off&#8221; parallax_method=&#8221;off&#8221; padding_mobile=&#8221;off&#8221; make_fullwidth=&#8221;off&#8221; use_custom_width=&#8221;off&#8221; width_unit=&#8221;on&#8221; make_equal=&#8221;off&#8221; use_custom_gutter=&#8221;off&#8221; custom_css_main_element=&#8221;background-size: contain;&#8221; background_color=&#8221;#ff0000&#8243; disabled=&#8221;off&#8221; disabled_on=&#8221;off|off|off&#8221;][et_pb_row global_parent=&#8221;550&#8243; admin_label=&#8221;Row&#8221; make_fullwidth=&#8221;off&#8221; use_custom_width=&#8221;off&#8221; width_unit=&#8221;on&#8221; use_custom_gutter=&#8221;off&#8221; padding_mobile=&#8221;off&#8221; allow_player_pause=&#8221;off&#8221; parallax=&#8221;off&#8221; parallax_method=&#8221;off&#8221; make_equal=&#8221;off&#8221; parallax_1=&#8221;off&#8221; parallax_method_1=&#8221;off&#8221; column_padding_mobile=&#8221;on&#8221;][\/et_pb_row][\/et_pb_section]<\/p>\n","protected":false},"excerpt":{"rendered":"<p>With years of experience in a global world for the new era 21st century. Mirage Travel Agency, would like to [&hellip;]<\/p>\n","protected":false},"author":3,"featured_media":0,"parent":0,"menu_order":10,"comment_status":"closed","ping_status":"closed","template":"","meta":{"_et_pb_use_builder":"on","_et_pb_old_content":"[et_pb_section admin_label=\"Section\" fullwidth=\"off\" specialty=\"off\" background_image=\"http:\/\/www.mirage.com.tr\/wp-content\/uploads\/2016\/03\/taniyin.jpg\" transparent_background=\"off\" allow_player_pause=\"off\" inner_shadow=\"off\" parallax=\"off\" parallax_method=\"off\" padding_mobile=\"off\" make_fullwidth=\"off\" use_custom_width=\"off\" width_unit=\"on\" make_equal=\"off\" use_custom_gutter=\"off\" custom_css_before=\"content: ' ';||width: 100%;||position: absolute;||background: rgba(43, 56, 73, 0.43);||height: 125%;||top: -10%;\" module_class=\"pt-header\" background_color=\"#ffffff\"][et_pb_row admin_label=\"Row\" global_module=\"1385\" make_fullwidth=\"off\" use_custom_width=\"on\" width_unit=\"off\" use_custom_gutter=\"on\" custom_padding=\"0px|0px|0px|0px\" padding_mobile=\"on\" allow_player_pause=\"off\" parallax=\"off\" parallax_method=\"off\" make_equal=\"off\" parallax_1=\"off\" parallax_method_1=\"off\" parallax_2=\"off\" parallax_method_2=\"off\" column_padding_mobile=\"on\" custom_width_percent=\"60%\" gutter_width=\"1\" custom_css_main_element=\"width: 92%!important;\" custom_css_main_2=\"width: 39.333%!important;||margin: 3% -6% 0!important;||display: flex;||align-items: center;||justify-content: center;||max-height: 470px;\" padding_top_2=\"10em\" padding_bottom_2=\"13em\" padding_right_2=\"2em\" padding_left_2=\"2em\" custom_css_main_1=\"min-height: 420px;\" background_color_2=\"rgba(255,255,255,0)\"][et_pb_column type=\"4_4\"][et_pb_text global_parent=\"1385\" admin_label=\"Logo & Tagline\" background_layout=\"light\" text_orientation=\"center\" text_font=\"Lato||||\" text_font_size=\"24\" background_color=\"rgba(208,226,250,0.7)\" use_border_color=\"off\" border_color=\"#ffffff\" border_style=\"solid\" custom_padding=\"6em|6em|6em|6em\" module_class=\"ip-header\"]\r\n\r\n<a href=\"\/\"><img class=\"alignnone wp-image-248\" src=\"http:\/\/www.mirage.com.tr\/wp-content\/uploads\/2016\/03\/mirage-logo-sub-2.png\" alt=\"balance-logo\" width=\"422\" height=\"61\"><\/a>\r\n\r\n[\/et_pb_text][et_pb_post_title global_parent=\"1385\" admin_label=\"Page Title\" title=\"on\" meta=\"off\" author=\"on\" date=\"on\" categories=\"on\" comments=\"on\" featured_image=\"off\" featured_placement=\"below\" parallax_effect=\"on\" parallax_method=\"on\" text_orientation=\"center\" text_color=\"light\" text_background=\"off\" text_bg_color=\"rgba(255,255,255,0.9)\" title_all_caps=\"off\" use_border_color=\"off\" border_color=\"#ffffff\" border_style=\"solid\" module_bg_color=\"rgba(255,255,255,0)\" module_class=\"section-header\" title_font_size=\"30px\" custom_css_post_title=\"font-family: 'Muli', sans-serif;||font-weight: 900;||padding-bottom: 0;\" title_font=\"Open Sans||||\" disabled=\"on\" disabled_on=\"on|on|on\"]\r\n\r\n\r\n\r\n[\/et_pb_post_title][\/et_pb_column][\/et_pb_row][\/et_pb_section][et_pb_section admin_label=\"Section\" global_module=\"1321\" fullwidth=\"on\" specialty=\"off\" transparent_background=\"off\" background_color=\"#d0e2fa\" allow_player_pause=\"off\" inner_shadow=\"off\" parallax=\"off\" parallax_method=\"off\" padding_mobile=\"off\" make_fullwidth=\"off\" use_custom_width=\"off\" width_unit=\"on\" make_equal=\"off\" use_custom_gutter=\"off\"][et_pb_fullwidth_post_title global_parent=\"1321\" admin_label=\"Fullwidth Post Title\" title=\"on\" meta=\"off\" author=\"on\" date=\"on\" categories=\"on\" comments=\"on\" featured_image=\"off\" featured_placement=\"below\" parallax_effect=\"on\" parallax_method=\"on\" text_orientation=\"center\" text_color=\"dark\" text_background=\"off\" text_bg_color=\"rgba(255,255,255,0.9)\" module_bg_color=\"rgba(255,255,255,0)\" title_all_caps=\"off\" use_border_color=\"off\" border_color=\"#ffffff\" border_style=\"solid\" title_font_size=\"32px\" title_text_color=\"#1e1f79\" custom_css_main_element=\"padding-top: 35px !important;||padding-bottom: 35px !important;\"]\r\n\r\n\r\n\r\n[\/et_pb_fullwidth_post_title][\/et_pb_section][et_pb_section admin_label=\"Section\" fullwidth=\"off\" specialty=\"off\"][et_pb_row admin_label=\"Row\"][et_pb_column type=\"3_4\"][et_pb_text admin_label=\"Text\" background_layout=\"light\" text_orientation=\"left\" use_border_color=\"off\" border_color=\"#ffffff\" border_style=\"solid\"]\r\n\r\n1994 y\u0131l\u0131nda Ankara'da kurulan MIRAGE TRAVEL,\r\nturizm sekt\u00f6r\u00fcnde kal\u0131c\u0131 olmak ve g\u00fcvenilir hizmet verebilmek amac\u0131 ile\r\nsizlere kuruldu\u011fu ilk g\u00fcn\u00fcn heyecan\u0131 ile hizmet vermeye devam etmektedir.\r\n\r\nBu ba\u011flamda kurucusu ve \u00e7al\u0131\u015fanlar\u0131, kendilerini turizm sekt\u00f6r\u00fcndeki \u00e7al\u0131\u015fmalar\u0131 ile kan\u0131tlam\u0131\u015f, konular\u0131nda uzman, gen\u00e7 dinamik profesyonellerden olu\u015fmu\u015ftur.\r\n\r\nMIRAGE TRAVEL, T\u00fcrkiye ve D\u00fcnya' n\u0131n her yerinden direkt m\u00fc\u015fteri ba\u011flant\u0131s\u0131 yapm\u0131\u015f ve t\u00fcm MIRAGE TRAVEL dostlar\u0131na kaliteliyi en uygun fiyatlar ile vermeyi ama\u00e7 edinmi\u015ftir.\r\n\r\nSe\u00e7kin m\u00fc\u015fteri portf\u00f6y\u00fcm\u00fcze sizleri de eklemekten\r\nb\u00fcy\u00fck mutluluk duyaca\u011f\u0131z.\r\n\r\n[\/et_pb_text][\/et_pb_column][et_pb_column type=\"1_4\"][et_pb_image admin_label=\"Image\" src=\"http:\/\/www.mirage.com.tr\/wp-content\/uploads\/2016\/03\/yurtici_2.png\" show_in_lightbox=\"off\" url_new_window=\"off\" use_overlay=\"off\" animation=\"off\" sticky=\"off\" align=\"left\" force_fullwidth=\"off\" always_center_on_mobile=\"on\" use_border_color=\"off\" border_color=\"#ffffff\" border_style=\"solid\"]\r\n\r\n\r\n\r\n[\/et_pb_image][et_pb_image admin_label=\"Image\" src=\"http:\/\/www.mirage.com.tr\/wp-content\/uploads\/2016\/03\/cruise_2.jpg\" show_in_lightbox=\"off\" url_new_window=\"off\" use_overlay=\"off\" animation=\"off\" sticky=\"off\" align=\"left\" force_fullwidth=\"off\" always_center_on_mobile=\"on\" use_border_color=\"off\" border_color=\"#ffffff\" border_style=\"solid\"]\r\n\r\n\r\n\r\n[\/et_pb_image][et_pb_image admin_label=\"Image\" src=\"http:\/\/www.mirage.com.tr\/wp-content\/uploads\/2016\/03\/ctbpmdc87ja_fuarlar.jpg\" show_in_lightbox=\"off\" url_new_window=\"off\" use_overlay=\"off\" animation=\"off\" sticky=\"off\" align=\"left\" force_fullwidth=\"off\" always_center_on_mobile=\"on\" use_border_color=\"off\" border_color=\"#ffffff\" border_style=\"solid\"]\r\n\r\n\r\n\r\n[\/et_pb_image][\/et_pb_column][\/et_pb_row][\/et_pb_section][et_pb_section admin_label=\"Section\" fullwidth=\"off\" specialty=\"off\" transparent_background=\"on\" allow_player_pause=\"off\" inner_shadow=\"off\" parallax=\"off\" parallax_method=\"off\" padding_mobile=\"off\" make_fullwidth=\"off\" use_custom_width=\"off\" width_unit=\"on\" make_equal=\"off\" use_custom_gutter=\"off\"][et_pb_row admin_label=\"Row\"][et_pb_column type=\"4_4\"][\/et_pb_column][\/et_pb_row][\/et_pb_section][et_pb_section admin_label=\"Section\" global_module=\"550\" fullwidth=\"off\" specialty=\"off\" background_image=\"http:\/\/www.mirage.com.tr\/wp-content\/uploads\/2016\/03\/mirage-bg3.png\" transparent_background=\"off\" allow_player_pause=\"off\" inner_shadow=\"off\" parallax=\"off\" parallax_method=\"off\" padding_mobile=\"off\" make_fullwidth=\"off\" use_custom_width=\"off\" width_unit=\"on\" make_equal=\"off\" use_custom_gutter=\"off\" custom_css_main_element=\"background-size: contain;\" background_color=\"#ff0000\" disabled=\"off\" disabled_on=\"off|off|off\"][et_pb_row global_parent=\"550\" admin_label=\"Row\" make_fullwidth=\"off\" use_custom_width=\"off\" width_unit=\"on\" use_custom_gutter=\"off\" padding_mobile=\"off\" allow_player_pause=\"off\" parallax=\"off\" parallax_method=\"off\" make_equal=\"off\" parallax_1=\"off\" parallax_method_1=\"off\" column_padding_mobile=\"on\"][\/et_pb_row][\/et_pb_section]","_et_gb_content_width":""},"aioseo_notices":[],"_links":{"self":[{"href":"https:\/\/www.mirage.com.tr\/en\/wp-json\/wp\/v2\/pages\/1405"}],"collection":[{"href":"https:\/\/www.mirage.com.tr\/en\/wp-json\/wp\/v2\/pages"}],"about":[{"href":"https:\/\/www.mirage.com.tr\/en\/wp-json\/wp\/v2\/types\/page"}],"author":[{"embeddable":true,"href":"https:\/\/www.mirage.com.tr\/en\/wp-json\/wp\/v2\/users\/3"}],"replies":[{"embeddable":true,"href":"https:\/\/www.mirage.com.tr\/en\/wp-json\/wp\/v2\/comments?post=1405"}],"version-history":[{"count":4,"href":"https:\/\/www.mirage.com.tr\/en\/wp-json\/wp\/v2\/pages\/1405\/revisions"}],"predecessor-version":[{"id":1469,"href":"https:\/\/www.mirage.com.tr\/en\/wp-json\/wp\/v2\/pages\/1405\/revisions\/1469"}],"wp:attachment":[{"href":"https:\/\/www.mirage.com.tr\/en\/wp-json\/wp\/v2\/media?parent=1405"}],"curies":[{"name":"wp","href":"https:\/\/api.w.org\/{rel}","templated":true}]}}